{"id":1384,"date":"2025-09-04T15:09:57","date_gmt":"2025-09-04T13:09:57","guid":{"rendered":"https:\/\/www.fieniarnaud-antiquites-brocante-valenciennes.com\/?page_id=1384"},"modified":"2025-09-04T15:21:22","modified_gmt":"2025-09-04T13:21:22","slug":"mentionslegales","status":"publish","type":"page","link":"https:\/\/www.fieniarnaud-antiquites-brocante-valenciennes.com\/index.php\/mentionslegales\/","title":{"rendered":"Mentions L\u00e9gales"},"content":{"rendered":"\t\t<div data-elementor-type=\"wp-page\" data-elementor-id=\"1384\" class=\"elementor elementor-1384\">\n\t\t\t\t<div class=\"elementor-element elementor-element-646056a e-con-full e-flex e-con e-parent\" data-id=\"646056a\" data-element_type=\"container\" data-settings=\"{&quot;background_background&quot;:&quot;classic&quot;}\">\n\t\t\t\t<div class=\"elementor-element elementor-element-59a7a89 elementor-widget elementor-widget-html\" data-id=\"59a7a89\" data-element_type=\"widget\" data-widget_type=\"html.default\">\n\t\t\t\t<div class=\"elementor-widget-container\">\n\t\t\t\t\t<div class=\"marquee-container\">\r\n  <div class=\"marquee-text\">\r\n    Notre service de <strong>vide-maison<\/strong> vous garantit un d\u00e9barras complet, rapide et soign\u00e9, que ce soit pour une succession, un d\u00e9m\u00e9nagement ou un logement encombr\u00e9.\r\n  <\/div>\r\n<\/div>\r\n\r\n<style>\r\n@import url('https:\/\/fonts.googleapis.com\/css2?family=Arial&display=swap');\r\n\r\n.marquee-container {\r\n  width: 100%;\r\n  overflow: hidden;\r\n}\r\n\r\n.marquee-text {\r\n  display: inline-block;\r\n  white-space: nowrap;\r\n  padding-left: 100%;\r\n  font-size: 18px;\r\n  color: white;\r\n  font-family: Arial, sans-serif;\r\n  animation: marquee 25s linear infinite;\r\n}\r\n\r\n@keyframes marquee {\r\n  0% {\r\n    transform: translateX(0%);\r\n  }\r\n  100% {\r\n    transform: translateX(-100%);\r\n  }\r\n}\r\n\r\n\/* Mobile : r\u00e9duire la taille du texte si n\u00e9cessaire *\/\r\n@media (max-width: 500px) {\r\n  .marquee-text {\r\n    font-size: 16px;\r\n  }\r\n}\r\n<\/style>\r\n\t\t\t\t<\/div>\n\t\t\t\t<\/div>\n\t\t\t\t<\/div>\n\t\t<div class=\"elementor-element elementor-element-e3b8301 e-con-full e-flex e-con e-parent\" data-id=\"e3b8301\" data-element_type=\"container\" data-settings=\"{&quot;background_background&quot;:&quot;classic&quot;}\">\n\t\t\t\t<div class=\"elementor-element elementor-element-a6c70a0 elementor-widget elementor-widget-html\" data-id=\"a6c70a0\" data-element_type=\"widget\" data-widget_type=\"html.default\">\n\t\t\t\t<div class=\"elementor-widget-container\">\n\t\t\t\t\t<style>\r\n@import url('https:\/\/fonts.googleapis.com\/css2?family=Arial&display=swap');\r\n@import url('https:\/\/fonts.googleapis.com\/css2?family=Dancing+Script&display=swap');\r\n\r\n.menu-overlay {\r\n  position: relative;\r\n  left: 0;\r\n  right: 0;\r\n  top: 0;\r\n  width: 100vw;\r\n  max-width: 100%;\r\n  background-color: rgba(80, 0, 20, 0.83);\r\n  color: white;\r\n  z-index: 2;\r\n  padding: 15px 30px;\r\n  display: flex;\r\n  justify-content: space-between;\r\n  gap: 40px;\r\n  font-weight: bold;\r\n  align-items: center;\r\n  font-family: Arial, sans-serif;\r\n  box-sizing: border-box;\r\n}\r\n\r\n.menu-overlay a {\r\n  color: white;\r\n  text-decoration: none;\r\n  font-size: 16px;\r\n  transition: color 0.3s;\r\n  padding: 10px 20px;\r\n}\r\n\r\n.menu-overlay a:hover {\r\n  color: white;\r\n  background-color: #a61e3d;\r\n  padding: 10px 20px;\r\n  border-radius: 5px;\r\n}\r\n\r\n.site-name {\r\n  font-family: 'Dancing Script', cursive;\r\n  font-size: 2em;\r\n}\r\n\r\n\/* MENU BURGER (mobile) *\/\r\n#menu-toggle {\r\n  display: none;\r\n}\r\n\r\n.menu-burger {\r\n  display: none;\r\n  cursor: pointer;\r\n  width: 30px;\r\n  height: 25px;\r\n  position: relative;\r\n  z-index: 3;\r\n}\r\n\r\n.menu-burger span {\r\n  display: block;\r\n  height: 3px;\r\n  background: white;\r\n  margin: 5px 0;\r\n  border-radius: 2px;\r\n  transition: 0.3s;\r\n}\r\n\r\n\/* Responsive : Burger menu *\/\r\n@media (max-width: 768px) {\r\n  .menu-overlay {\r\n    flex-direction: column;\r\n    align-items: flex-start;\r\n    gap: 10px;\r\n  }\r\n\r\n  .menu-overlay a {\r\n    display: none;\r\n    width: 100%;\r\n    padding: 12px;\r\n    background-color: #800020;\r\n    margin-top: 5px;\r\n    border-radius: 5px;\r\n    text-align: center;\r\n  }\r\n\r\n  .menu-burger {\r\n    display: block;\r\n  }\r\n\r\n  #menu-toggle:checked ~ a {\r\n    display: block;\r\n  }\r\n\r\n  .site-name {\r\n    font-size: 1.5em;\r\n  }\r\n}\r\n.menu-overlay .logolien:hover {\r\n    background-color: transparent;\r\n}\r\n<\/style>\r\n\r\n<div class=\"menu-overlay\">\r\n  <a class=\"logolien\" href=\"http:\/\/kodnvcb.cluster100.hosting.ovh.net\/\"><div class=\"site-name\">Antiquit\u00e9s Fieni Arnaud<\/div><\/a>\r\n  <input type=\"checkbox\" id=\"menu-toggle\" \/>\r\n  <label class=\"menu-burger\" for=\"menu-toggle\">\r\n    <span><\/span>\r\n    <span><\/span>\r\n    <span><\/span>\r\n  <\/label>\r\n   <a href=\"https:\/\/www.fieniarnaud-antiquites-brocante-valenciennes.com\/\">Accueil<\/a>\r\n    <a href=\"https:\/\/www.fieniarnaud-antiquites-brocante-valenciennes.com\/index.php\/demande-de-devis-vide-maison-debarras\/\">Vide Maison<\/a>\r\n    <a href=\"https:\/\/www.fieniarnaud-antiquites-brocante-valenciennes.com\/index.php\/achat-cash-antiquites-fieni-arnaud-2\/\">Achat Cash<\/a>\r\n  <a href=\"\/index.php\/contactez-nous\/\">Contact<\/a>\r\n<\/div>\r\n\t\t\t\t<\/div>\n\t\t\t\t<\/div>\n\t\t\t\t<\/div>\n\t\t<div class=\"elementor-element elementor-element-c85104b e-con-full e-flex e-con e-parent\" data-id=\"c85104b\" data-element_type=\"container\">\n\t\t\t\t<div class=\"elementor-element elementor-element-8f2e76a elementor-widget elementor-widget-text-editor\" data-id=\"8f2e76a\" data-element_type=\"widget\" data-widget_type=\"text-editor.default\">\n\t\t\t\t<div class=\"elementor-widget-container\">\n\t\t\t\t\t\t\t\t\t<p>Editeur du site<\/p><p>\u2022 D\u00e9nomination et raison sociale : Antiquites Fieni Arnaud<\/p><p>\u2022 Num\u00e9ro et ville du RCS : Valenciennes A 752998104<\/p><p>\u2022 Nom &amp; Pr\u00e9nom du chef d&rsquo;entreprise ou du dirigeant : ARNAUD FIENI<\/p><p>\u2022 Adresse du si\u00e8ge social : 157 RUE PAUL ELIE CASANOVA, 59220 DENAIN France<\/p><p>\u2022 Num\u00e9ro de SIREN : 75299810400018<\/p><p>\u2022 Num\u00e9ro de TVA : FR27752998104<\/p><p>\u00a0<\/p><p>Pour entrer en contact facilement avec l&rsquo;\u00e9diteur du site<\/p><p>\u2022 T\u00e9l\u00e9phone : 06 68 56 22 40<\/p><p>\u2022 Adresse email : arnaud.fieni@orange.fr<\/p><p>Responsable de la r\u00e9daction<\/p><p>\u2022 Le responsable de la r\u00e9daction est M.\/Mme : ARNAUD FIENI<\/p><p>Directeur de publication<\/p><p>\u2022 Le directeur de publication est M.\/Mme : ARNAUD FIENI<\/p><p>\u00a0<\/p><p>H\u00e9bergeur du site<\/p><p>\u2022 Nom : SAS OVH<\/p><p>\u2022 Adresse compl\u00e8te : 2 rue Kellermann 59100 ROUBAIX<\/p><p>\u2022 Num\u00e9ro de t\u00e9l\u00e9phone : 0899 701\u00a0761<\/p>\t\t\t\t\t\t\t\t<\/div>\n\t\t\t\t<\/div>\n\t\t\t\t<\/div>\n\t\t<div class=\"elementor-element elementor-element-d13b6b1 e-flex e-con-boxed e-con e-parent\" data-id=\"d13b6b1\" data-element_type=\"container\">\n\t\t\t\t\t<div class=\"e-con-inner\">\n\t\t<div class=\"elementor-element elementor-element-2d29319 e-con-full e-flex e-con e-child\" data-id=\"2d29319\" data-element_type=\"container\">\n\t\t\t\t<div class=\"elementor-element elementor-element-e092fdf elementor-widget elementor-widget-html\" data-id=\"e092fdf\" data-element_type=\"widget\" data-widget_type=\"html.default\">\n\t\t\t\t<div class=\"elementor-widget-container\">\n\t\t\t\t\t\r\n\r\n\r\n  <p style=\"margin: 8px 0;\">\r\n    <strong>La soci\u00e9t\u00e9 :<\/strong><br>\r\n<li><a href=\"https:\/\/www.fieniarnaud-antiquites-brocante-valenciennes.com\/index.php\/demande-de-devis-vide-maison-debarras\/\">Vide Maison \/ d\u00e9barras<\/a><\/li>\r\n<li><a href=\"https:\/\/www.fieniarnaud-antiquites-brocante-valenciennes.com\/index.php\/achat-cash-antiquites-fieni-arnaud-2\/\">Achat Cash<\/a><\/li>\r\n \t<li><a href=\"https:\/\/www.fieniarnaud-antiquites-brocante-valenciennes.com\/index.php\/contactez-nous\/\">Contactez nous<\/a><\/li>\r\n \t \t<li><a href=\"https:\/\/www.fieniarnaud-antiquites-brocante-valenciennes.com\/index.php\/mentions\/\">Mentions l\u00e9gales<\/a><\/li>\r\n \t<\/p>\r\n\t\t\t\t<\/div>\n\t\t\t\t<\/div>\n\t\t\t\t<div class=\"elementor-element elementor-element-f6807c7 elementor-widget elementor-widget-text-editor\" data-id=\"f6807c7\" data-element_type=\"widget\" data-widget_type=\"text-editor.default\">\n\t\t\t\t<div class=\"elementor-widget-container\">\n\t\t\t\t\t\t\t\t\t<p>Un site r\u00e9alis\u00e9 par <a href=\"http:\/\/www.solutionspdv.fr\"><strong>Solutions PDV<\/strong><\/a> Cysoing<\/p>\t\t\t\t\t\t\t\t<\/div>\n\t\t\t\t<\/div>\n\t\t\t\t<\/div>\n\t\t\t\t\t<\/div>\n\t\t\t\t<\/div>\n\t\t\t\t<\/div>\n\t\t","protected":false},"excerpt":{"rendered":"<p>Notre service de vide-maison vous garantit un d\u00e9barras complet, rapide et soign\u00e9, que ce soit pour une succession, un d\u00e9m\u00e9nagement ou un logement encombr\u00e9. Antiquit\u00e9s Fieni Arnaud Accueil Vide Maison Achat Cash Contact Editeur du site \u2022 D\u00e9nomination et raison sociale : Antiquites Fieni Arnaud \u2022 Num\u00e9ro et ville du RCS : Valenciennes A 752998104 [&hellip;]<\/p>\n","protected":false},"author":2,"featured_media":163,"parent":0,"menu_order":0,"comment_status":"closed","ping_status":"closed","template":"elementor_canvas","meta":{"footnotes":""},"class_list":["post-1384","page","type-page","status-publish","has-post-thumbnail","hentry"],"yoast_head":"<!-- This site is optimized with the Yoast SEO plugin v25.2 - https:\/\/yoast.com\/wordpress\/plugins\/seo\/ -->\n<title>Mentions L\u00e9gales - Antiquit\u00e9s FIENI Arnaud<\/title>\n<meta name=\"description\" content=\"Obtenez un devis personnalis\u00e9 pour votre vide-maison ou d\u00e9barras. R\u00e9ponse rapide, service s\u00e9rieux et estimation gratuite.\" \/>\n<meta name=\"robots\" content=\"index, follow, max-snippet:-1, max-image-preview:large, max-video-preview:-1\" \/>\n<link rel=\"canonical\" href=\"https:\/\/www.fieniarnaud-antiquites-brocante-valenciennes.com\/index.php\/mentionslegales\/\" \/>\n<meta property=\"og:locale\" content=\"fr_FR\" \/>\n<meta property=\"og:type\" content=\"article\" \/>\n<meta property=\"og:title\" content=\"Mentions L\u00e9gales - Antiquit\u00e9s FIENI Arnaud\" \/>\n<meta property=\"og:description\" content=\"Obtenez un devis personnalis\u00e9 pour votre vide-maison ou d\u00e9barras. R\u00e9ponse rapide, service s\u00e9rieux et estimation gratuite.\" \/>\n<meta property=\"og:url\" content=\"https:\/\/www.fieniarnaud-antiquites-brocante-valenciennes.com\/index.php\/mentionslegales\/\" \/>\n<meta property=\"og:site_name\" content=\"Antiquit\u00e9s FIENI Arnaud\" \/>\n<meta property=\"article:modified_time\" content=\"2025-09-04T13:21:22+00:00\" \/>\n<meta property=\"og:image\" content=\"https:\/\/www.fieniarnaud-antiquites-brocante-valenciennes.com\/wp-content\/uploads\/2025\/06\/5a689419-fec8-43e3-af4a-59cceb8bc2ac.png\" \/>\n\t<meta property=\"og:image:width\" content=\"640\" \/>\n\t<meta property=\"og:image:height\" content=\"640\" \/>\n\t<meta property=\"og:image:type\" content=\"image\/png\" \/>\n<meta name=\"twitter:card\" content=\"summary_large_image\" \/>\n<meta name=\"twitter:label1\" content=\"Dur\u00e9e de lecture estim\u00e9e\" \/>\n\t<meta name=\"twitter:data1\" content=\"1 minute\" \/>\n<script type=\"application\/ld+json\" class=\"yoast-schema-graph\">{\"@context\":\"https:\/\/schema.org\",\"@graph\":[{\"@type\":\"WebPage\",\"@id\":\"https:\/\/www.fieniarnaud-antiquites-brocante-valenciennes.com\/index.php\/mentionslegales\/\",\"url\":\"https:\/\/www.fieniarnaud-antiquites-brocante-valenciennes.com\/index.php\/mentionslegales\/\",\"name\":\"Mentions L\u00e9gales - Antiquit\u00e9s FIENI Arnaud\",\"isPartOf\":{\"@id\":\"https:\/\/www.fieniarnaud-antiquites-brocante-valenciennes.com\/#website\"},\"primaryImageOfPage\":{\"@id\":\"https:\/\/www.fieniarnaud-antiquites-brocante-valenciennes.com\/index.php\/mentionslegales\/#primaryimage\"},\"image\":{\"@id\":\"https:\/\/www.fieniarnaud-antiquites-brocante-valenciennes.com\/index.php\/mentionslegales\/#primaryimage\"},\"thumbnailUrl\":\"https:\/\/www.fieniarnaud-antiquites-brocante-valenciennes.com\/wp-content\/uploads\/2025\/06\/5a689419-fec8-43e3-af4a-59cceb8bc2ac.png\",\"datePublished\":\"2025-09-04T13:09:57+00:00\",\"dateModified\":\"2025-09-04T13:21:22+00:00\",\"description\":\"Obtenez un devis personnalis\u00e9 pour votre vide-maison ou d\u00e9barras. R\u00e9ponse rapide, service s\u00e9rieux et estimation gratuite.\",\"breadcrumb\":{\"@id\":\"https:\/\/www.fieniarnaud-antiquites-brocante-valenciennes.com\/index.php\/mentionslegales\/#breadcrumb\"},\"inLanguage\":\"fr-FR\",\"potentialAction\":[{\"@type\":\"ReadAction\",\"target\":[\"https:\/\/www.fieniarnaud-antiquites-brocante-valenciennes.com\/index.php\/mentionslegales\/\"]}]},{\"@type\":\"ImageObject\",\"inLanguage\":\"fr-FR\",\"@id\":\"https:\/\/www.fieniarnaud-antiquites-brocante-valenciennes.com\/index.php\/mentionslegales\/#primaryimage\",\"url\":\"https:\/\/www.fieniarnaud-antiquites-brocante-valenciennes.com\/wp-content\/uploads\/2025\/06\/5a689419-fec8-43e3-af4a-59cceb8bc2ac.png\",\"contentUrl\":\"https:\/\/www.fieniarnaud-antiquites-brocante-valenciennes.com\/wp-content\/uploads\/2025\/06\/5a689419-fec8-43e3-af4a-59cceb8bc2ac.png\",\"width\":640,\"height\":640},{\"@type\":\"BreadcrumbList\",\"@id\":\"https:\/\/www.fieniarnaud-antiquites-brocante-valenciennes.com\/index.php\/mentionslegales\/#breadcrumb\",\"itemListElement\":[{\"@type\":\"ListItem\",\"position\":1,\"name\":\"Accueil\",\"item\":\"https:\/\/www.fieniarnaud-antiquites-brocante-valenciennes.com\/\"},{\"@type\":\"ListItem\",\"position\":2,\"name\":\"Mentions L\u00e9gales\"}]},{\"@type\":\"WebSite\",\"@id\":\"https:\/\/www.fieniarnaud-antiquites-brocante-valenciennes.com\/#website\",\"url\":\"https:\/\/www.fieniarnaud-antiquites-brocante-valenciennes.com\/\",\"name\":\"Antiquit\u00e9 FIENI Arnaud\",\"description\":\"Vide maison - D\u00e9barras - Achat Cash\",\"publisher\":{\"@id\":\"https:\/\/www.fieniarnaud-antiquites-brocante-valenciennes.com\/#organization\"},\"potentialAction\":[{\"@type\":\"SearchAction\",\"target\":{\"@type\":\"EntryPoint\",\"urlTemplate\":\"https:\/\/www.fieniarnaud-antiquites-brocante-valenciennes.com\/?s={search_term_string}\"},\"query-input\":{\"@type\":\"PropertyValueSpecification\",\"valueRequired\":true,\"valueName\":\"search_term_string\"}}],\"inLanguage\":\"fr-FR\"},{\"@type\":\"Organization\",\"@id\":\"https:\/\/www.fieniarnaud-antiquites-brocante-valenciennes.com\/#organization\",\"name\":\"Vide Maison - D\u00e9barras - Achat d'Or\",\"url\":\"https:\/\/www.fieniarnaud-antiquites-brocante-valenciennes.com\/\",\"logo\":{\"@type\":\"ImageObject\",\"inLanguage\":\"fr-FR\",\"@id\":\"https:\/\/www.fieniarnaud-antiquites-brocante-valenciennes.com\/#\/schema\/logo\/image\/\",\"url\":\"http:\/\/kodnvcb.cluster100.hosting.ovh.net\/wp-content\/uploads\/2025\/06\/Achat-Cash-miroir-dore.jpg\",\"contentUrl\":\"http:\/\/kodnvcb.cluster100.hosting.ovh.net\/wp-content\/uploads\/2025\/06\/Achat-Cash-miroir-dore.jpg\",\"width\":640,\"height\":640,\"caption\":\"Vide Maison - D\u00e9barras - Achat d'Or\"},\"image\":{\"@id\":\"https:\/\/www.fieniarnaud-antiquites-brocante-valenciennes.com\/#\/schema\/logo\/image\/\"}}]}<\/script>\n<!-- \/ Yoast SEO plugin. -->","yoast_head_json":{"title":"Mentions L\u00e9gales - Antiquit\u00e9s FIENI Arnaud","description":"Obtenez un devis personnalis\u00e9 pour votre vide-maison ou d\u00e9barras. R\u00e9ponse rapide, service s\u00e9rieux et estimation gratuite.","robots":{"index":"index","follow":"follow","max-snippet":"max-snippet:-1","max-image-preview":"max-image-preview:large","max-video-preview":"max-video-preview:-1"},"canonical":"https:\/\/www.fieniarnaud-antiquites-brocante-valenciennes.com\/index.php\/mentionslegales\/","og_locale":"fr_FR","og_type":"article","og_title":"Mentions L\u00e9gales - Antiquit\u00e9s FIENI Arnaud","og_description":"Obtenez un devis personnalis\u00e9 pour votre vide-maison ou d\u00e9barras. R\u00e9ponse rapide, service s\u00e9rieux et estimation gratuite.","og_url":"https:\/\/www.fieniarnaud-antiquites-brocante-valenciennes.com\/index.php\/mentionslegales\/","og_site_name":"Antiquit\u00e9s FIENI Arnaud","article_modified_time":"2025-09-04T13:21:22+00:00","og_image":[{"width":640,"height":640,"url":"https:\/\/www.fieniarnaud-antiquites-brocante-valenciennes.com\/wp-content\/uploads\/2025\/06\/5a689419-fec8-43e3-af4a-59cceb8bc2ac.png","type":"image\/png"}],"twitter_card":"summary_large_image","twitter_misc":{"Dur\u00e9e de lecture estim\u00e9e":"1 minute"},"schema":{"@context":"https:\/\/schema.org","@graph":[{"@type":"WebPage","@id":"https:\/\/www.fieniarnaud-antiquites-brocante-valenciennes.com\/index.php\/mentionslegales\/","url":"https:\/\/www.fieniarnaud-antiquites-brocante-valenciennes.com\/index.php\/mentionslegales\/","name":"Mentions L\u00e9gales - Antiquit\u00e9s FIENI Arnaud","isPartOf":{"@id":"https:\/\/www.fieniarnaud-antiquites-brocante-valenciennes.com\/#website"},"primaryImageOfPage":{"@id":"https:\/\/www.fieniarnaud-antiquites-brocante-valenciennes.com\/index.php\/mentionslegales\/#primaryimage"},"image":{"@id":"https:\/\/www.fieniarnaud-antiquites-brocante-valenciennes.com\/index.php\/mentionslegales\/#primaryimage"},"thumbnailUrl":"https:\/\/www.fieniarnaud-antiquites-brocante-valenciennes.com\/wp-content\/uploads\/2025\/06\/5a689419-fec8-43e3-af4a-59cceb8bc2ac.png","datePublished":"2025-09-04T13:09:57+00:00","dateModified":"2025-09-04T13:21:22+00:00","description":"Obtenez un devis personnalis\u00e9 pour votre vide-maison ou d\u00e9barras. R\u00e9ponse rapide, service s\u00e9rieux et estimation gratuite.","breadcrumb":{"@id":"https:\/\/www.fieniarnaud-antiquites-brocante-valenciennes.com\/index.php\/mentionslegales\/#breadcrumb"},"inLanguage":"fr-FR","potentialAction":[{"@type":"ReadAction","target":["https:\/\/www.fieniarnaud-antiquites-brocante-valenciennes.com\/index.php\/mentionslegales\/"]}]},{"@type":"ImageObject","inLanguage":"fr-FR","@id":"https:\/\/www.fieniarnaud-antiquites-brocante-valenciennes.com\/index.php\/mentionslegales\/#primaryimage","url":"https:\/\/www.fieniarnaud-antiquites-brocante-valenciennes.com\/wp-content\/uploads\/2025\/06\/5a689419-fec8-43e3-af4a-59cceb8bc2ac.png","contentUrl":"https:\/\/www.fieniarnaud-antiquites-brocante-valenciennes.com\/wp-content\/uploads\/2025\/06\/5a689419-fec8-43e3-af4a-59cceb8bc2ac.png","width":640,"height":640},{"@type":"BreadcrumbList","@id":"https:\/\/www.fieniarnaud-antiquites-brocante-valenciennes.com\/index.php\/mentionslegales\/#breadcrumb","itemListElement":[{"@type":"ListItem","position":1,"name":"Accueil","item":"https:\/\/www.fieniarnaud-antiquites-brocante-valenciennes.com\/"},{"@type":"ListItem","position":2,"name":"Mentions L\u00e9gales"}]},{"@type":"WebSite","@id":"https:\/\/www.fieniarnaud-antiquites-brocante-valenciennes.com\/#website","url":"https:\/\/www.fieniarnaud-antiquites-brocante-valenciennes.com\/","name":"Antiquit\u00e9 FIENI Arnaud","description":"Vide maison - D\u00e9barras - Achat Cash","publisher":{"@id":"https:\/\/www.fieniarnaud-antiquites-brocante-valenciennes.com\/#organization"},"potentialAction":[{"@type":"SearchAction","target":{"@type":"EntryPoint","urlTemplate":"https:\/\/www.fieniarnaud-antiquites-brocante-valenciennes.com\/?s={search_term_string}"},"query-input":{"@type":"PropertyValueSpecification","valueRequired":true,"valueName":"search_term_string"}}],"inLanguage":"fr-FR"},{"@type":"Organization","@id":"https:\/\/www.fieniarnaud-antiquites-brocante-valenciennes.com\/#organization","name":"Vide Maison - D\u00e9barras - Achat d'Or","url":"https:\/\/www.fieniarnaud-antiquites-brocante-valenciennes.com\/","logo":{"@type":"ImageObject","inLanguage":"fr-FR","@id":"https:\/\/www.fieniarnaud-antiquites-brocante-valenciennes.com\/#\/schema\/logo\/image\/","url":"http:\/\/kodnvcb.cluster100.hosting.ovh.net\/wp-content\/uploads\/2025\/06\/Achat-Cash-miroir-dore.jpg","contentUrl":"http:\/\/kodnvcb.cluster100.hosting.ovh.net\/wp-content\/uploads\/2025\/06\/Achat-Cash-miroir-dore.jpg","width":640,"height":640,"caption":"Vide Maison - D\u00e9barras - Achat d'Or"},"image":{"@id":"https:\/\/www.fieniarnaud-antiquites-brocante-valenciennes.com\/#\/schema\/logo\/image\/"}}]}},"_links":{"self":[{"href":"https:\/\/www.fieniarnaud-antiquites-brocante-valenciennes.com\/index.php\/wp-json\/wp\/v2\/pages\/1384","targetHints":{"allow":["GET"]}}],"collection":[{"href":"https:\/\/www.fieniarnaud-antiquites-brocante-valenciennes.com\/index.php\/wp-json\/wp\/v2\/pages"}],"about":[{"href":"https:\/\/www.fieniarnaud-antiquites-brocante-valenciennes.com\/index.php\/wp-json\/wp\/v2\/types\/page"}],"author":[{"embeddable":true,"href":"https:\/\/www.fieniarnaud-antiquites-brocante-valenciennes.com\/index.php\/wp-json\/wp\/v2\/users\/2"}],"replies":[{"embeddable":true,"href":"https:\/\/www.fieniarnaud-antiquites-brocante-valenciennes.com\/index.php\/wp-json\/wp\/v2\/comments?post=1384"}],"version-history":[{"count":11,"href":"https:\/\/www.fieniarnaud-antiquites-brocante-valenciennes.com\/index.php\/wp-json\/wp\/v2\/pages\/1384\/revisions"}],"predecessor-version":[{"id":1407,"href":"https:\/\/www.fieniarnaud-antiquites-brocante-valenciennes.com\/index.php\/wp-json\/wp\/v2\/pages\/1384\/revisions\/1407"}],"wp:featuredmedia":[{"embeddable":true,"href":"https:\/\/www.fieniarnaud-antiquites-brocante-valenciennes.com\/index.php\/wp-json\/wp\/v2\/media\/163"}],"wp:attachment":[{"href":"https:\/\/www.fieniarnaud-antiquites-brocante-valenciennes.com\/index.php\/wp-json\/wp\/v2\/media?parent=1384"}],"curies":[{"name":"wp","href":"https:\/\/api.w.org\/{rel}","templated":true}]}}